{"id":2613,"date":"2017-05-18T03:33:43","date_gmt":"2017-05-18T03:33:43","guid":{"rendered":"http:\/\/dev.g5plus.net\/startup\/?page_id=2613"},"modified":"2026-01-28T11:53:54","modified_gmt":"2026-01-28T14:53:54","slug":"home-architecture","status":"publish","type":"page","link":"https:\/\/elremate.uy\/waro\/","title":{"rendered":"Home Architecture"},"content":{"rendered":"<div class=\"wpb-content-wrapper\"><p>[vc_row][vc_column]\n\t\t\t\t<p class=\"rs-p-wp-fix\"><\/p>\n\t\t\t\t<sr7-module data-alias=\"home-11\" data-id=\"3\" id=\"SR7_3_1\" class=\"rs-ov-hidden\" data-version=\"6.7.28\">\n\t\t\t\t\t<sr7-adjuster><\/sr7-adjuster>\n\t\t\t\t\t<sr7-content>\n\t\t\t\t\t\t<sr7-slide id=\"SR7_3_1-6\" data-key=\"6\">\n\t\t\t\t\t\t\t<sr7-bg id=\"SR7_3_1-6-7\" class=\"sr7-layer\"><noscript><img decoding=\"async\" src=\"https:\/\/elremate.uy\/waro\/wp-content\/uploads\/2025\/11\/slider-waro_.jpg\" alt=\"\" title=\"slider-waro_\"><\/noscript><\/sr7-bg>\n\t\t\t\t\t\t\t<sr7-txt id=\"SR7_3_1-6-3\" class=\"sr7-layer\">Transporte de carga<\/sr7-txt>\n\t\t\t\t\t\t\t<sr7-txt id=\"SR7_3_1-6-4\" class=\"sr7-layer\">eficiente y confiable<\/sr7-txt>\n\t\t\t\t\t\t\t<sr7-txt id=\"SR7_3_1-6-6\" class=\"sr7-layer\">CONTACTO<\/sr7-txt>\n\t\t\t\t\t\t<\/sr7-slide>\n\t\t\t\t\t\t<sr7-slide id=\"SR7_3_1-7\" data-key=\"7\">\n\t\t\t\t\t\t\t<sr7-bg id=\"SR7_3_1-7-14\" class=\"sr7-layer\"><noscript><img decoding=\"async\" src=\"https:\/\/elremate.uy\/waro\/wp-content\/uploads\/2025\/11\/slider-01_.jpg\" alt=\"\" title=\"slider-01_\"><\/noscript><\/sr7-bg>\n\t\t\t\t\t\t\t<sr7-txt id=\"SR7_3_1-7-0\" class=\"sr7-layer\">Transporte de carga<\/sr7-txt>\n\t\t\t\t\t\t\t<sr7-txt id=\"SR7_3_1-7-12\" class=\"sr7-layer\">eficientes y confiables<\/sr7-txt>\n\t\t\t\t\t\t\t<sr7-txt id=\"SR7_3_1-7-13\" class=\"sr7-layer\">CONTACTO<\/sr7-txt>\n\t\t\t\t\t\t<\/sr7-slide>\n\t\t\t\t\t\t<sr7-slide id=\"SR7_3_1-5\" data-key=\"5\">\n\t\t\t\t\t\t<\/sr7-slide>\n\t\t\t\t\t<\/sr7-content>\n\t\t\t\t\t<image_lists style=\"display:none\">\n\t\t\t\t\t\t<img data-src=\"\/\/elremate.uy\/waro\/wp-content\/uploads\/2025\/11\/slider-waro_.jpg\" data-libid=\"6001\" data-lib=\"medialibrary\" title=\"slider-waro_\" width=\"0\" height=\"0\" data-dbsrc=\"Ly9lbHJlbWF0ZS51eS93YXJvL3dwLWNvbnRlbnQvdXBsb2Fkcy8yMDI1LzExL3NsaWRlci13YXJvXy5qcGc=\"\/>\n\t\t\t\t\t\t<img data-src=\"\/\/elremate.uy\/waro\/wp-content\/uploads\/2025\/11\/slider-01_.jpg\" data-libid=\"5960\" data-lib=\"medialibrary\" title=\"slider-01_\" width=\"0\" height=\"0\" data-dbsrc=\"Ly9lbHJlbWF0ZS51eS93YXJvL3dwLWNvbnRlbnQvdXBsb2Fkcy8yMDI1LzExL3NsaWRlci0wMV8uanBn\"\/>\n\t\t\t\t\t<\/image_lists>\n\t\t\t\t<\/sr7-module>\n\t\t\t\t<script>\n\t\t\t\t\tSR7.PMH ??={}; SR7.PMH[\"SR7_3_1\"] = {cn:100,state:false,fn: function() { if (_tpt!==undefined && _tpt.prepareModuleHeight !== undefined) {  _tpt.prepareModuleHeight({id:\"SR7_3_1\",el:[800,800,768,960,720],type:'standard',shdw:'0',gh:[800,800,768,960,720],gw:[1280,1280,1024,778,480],vpt:['-100px&#039;,&#039;-100px&#039;,&#039;-100px&#039;,&#039;-100px&#039;,&#039;-100px'],size:{fullWidth:true, fullHeight:true},fho:'#wpadminbar,.header-mobile,',mh:'0',onh:0,onw:0,bg:{color:'{\"orig\":\"transparent\",\"type\":\"solid\",\"string\":\"transparent\"}'},plType:'3',plColor:'#FFFFFF'});   SR7.PMH[\"SR7_3_1\"].state=true;} else if(SR7.PMH[\"SR7_3_1\"].cn-->0)\tsetTimeout( SR7.PMH[\"SR7_3_1\"].fn,19);}};SR7.PMH[\"SR7_3_1\" ].fn();\n\t\t\t\t<\/script>\n[\/vc_column][\/vc_row][vc_row content_placement=\u00bbmiddle\u00bb el_id=\u00bbnosotros\u00bb][vc_column css_animation=\u00bbzoomIn\u00bb width=\u00bb1\/2&#8243; css=\u00bb.vc_custom_1763009812871{background-position: center !important;background-repeat: no-repeat !important;background-size: cover !important;}\u00bb][g5plus_space desktop=\u00bb107&#8243; tablet=\u00bb80&#8243; tablet_portrait=\u00bb70&#8243; mobile_landscape=\u00bb60&#8243; mobile=\u00bb60&#8243;][vc_row_inner css=\u00bb.vc_custom_1763343782702{margin-left: 0px !important;padding-top: 225px !important;padding-bottom: 225px !important;background-image: url(https:\/\/elremate.uy\/waro\/wp-content\/uploads\/2025\/11\/img_02.jpg?id=5995) !important;background-position: center !important;background-repeat: no-repeat !important;background-size: cover !important;}\u00bb el_class=\u00bbmg-right-0 sm-mg-right-20&#8243;][vc_column_inner][\/vc_column_inner][\/vc_row_inner][g5plus_space desktop=\u00bb80&#8243; tablet=\u00bb70&#8243; tablet_portrait=\u00bb60&#8243; mobile_landscape=\u00bb50&#8243; mobile=\u00bb40&#8243;][vc_row_inner][vc_column_inner width=\u00bb2\/3&#8243;][g5plus_heading title_size=\u00bb42&#8243; theme_fonts=\u00bb\u00bb google_fonts=\u00bbfont_family:Abel%3Aregular|font_style:400%20regular%3A400%3Anormal\u00bb check_sub_title=\u00bb\u00bb underline=\u00bbtrue\u00bb title=\u00bbVISI\u00d3N\u00bb][\/vc_column_inner][\/vc_row_inner][vc_column_text css=\u00bb.vc_custom_1762918778269{margin-top: 30px !important;}\u00bb]Ser una empresa de punta en transporte de Carga Profesional en Uruguay, reconocida por su excelencia en servicio, innovaci\u00f3n tecnol\u00f3gica y compromiso con la sustentabilidad, garantizando la satisfacci\u00f3n de nuestros clientes y el bienestar de nuestro equipo.[\/vc_column_text][g5plus_space desktop=\u00bb222&#8243; tablet=\u00bb100&#8243; tablet_portrait=\u00bb80&#8243; mobile_landscape=\u00bb50&#8243; mobile=\u00bb50&#8243;][\/vc_column][vc_column css_animation=\u00bbzoomIn\u00bb width=\u00bb1\/2&#8243; el_class=\u00bbsm-pd-left-20&#8243;][g5plus_heading title_size=\u00bb42&#8243; theme_fonts=\u00bb\u00bb google_fonts=\u00bbfont_family:Abel%3Aregular|font_style:400%20regular%3A400%3Anormal\u00bb check_sub_title=\u00bb\u00bb underline=\u00bbtrue\u00bb title=\u00bbMISI\u00d3N\u00bb][vc_column_text css=\u00bb.vc_custom_1762918683031{margin-top: 28px !important;margin-bottom: 26px !important;}\u00bb]Brindar servicios de transporte de carga eficientes y confiables, con un enfoque en innovaci\u00f3n, atenci\u00f3n personalizada y compromiso con la satisfacci\u00f3n del cliente, contribuyendo al crecimiento de negocios locales y nacionales.[\/vc_column_text][g5plus_space desktop=\u00bb60&#8243; tablet=\u00bb70&#8243; tablet_portrait=\u00bb60&#8243; mobile_landscape=\u00bb50&#8243; mobile=\u00bb40&#8243;][vc_single_image image=\u00bb5996&#8243; img_size=\u00bbfull\u00bb css=\u00bb\u00bb][g5plus_space desktop=\u00bb0&#8243; tablet=\u00bb0&#8243; tablet_portrait=\u00bb0&#8243; mobile_landscape=\u00bb60&#8243; mobile=\u00bb60&#8243;][\/vc_column][\/vc_row][vc_section full_width=\u00bbstretch_row\u00bb css=\u00bb.vc_custom_1763345732614{background-color: #E9E9E9 !important;}\u00bb el_id=\u00bbservicios\u00bb][vc_row full_width=\u00bbstretch_row\u00bb css=\u00bb.vc_custom_1763086346437{background-color: #F0F0F000 !important;}\u00bb][vc_column][g5plus_heading title_size=\u00bb36&#8243; theme_fonts=\u00bb\u00bb google_fonts=\u00bbfont_family:Abel%3Aregular|font_style:400%20regular%3A400%3Anormal\u00bb check_sub_title=\u00bb\u00bb underline=\u00bbtrue\u00bb align=\u00bbtext-center\u00bb title=\u00bbSERVICIOS\u00bb css=\u00bb.vc_custom_1763008781789{margin-top: 40px !important;margin-bottom: 70px !important;}\u00bb][\/vc_column][vc_column css_animation=\u00bbfadeIn\u00bb width=\u00bb1\/2&#8243; el_id=\u00bb#icon-box-01-margen-inf\u00bb][g5plus_icon_box icon_type=\u00bbimage\u00bb icon_image=\u00bb5988&#8243; title=\u00bbZONAS FRANCAS Y DEP\u00d3SITOS FISCALES\u00bb description=\u00bbTransportamos mercader\u00edas a las distintas zonas francas y dep\u00f3sitos fiscales de todo el pa\u00eds.\u00bb has_line=\u00bbtrue\u00bb box_shadow_hover=\u00bbtrue\u00bb icon_align=\u00bbalign-top-left\u00bb css=\u00bb.vc_custom_1769611225409{background-color: #FFFFFF !important;}\u00bb][\/vc_column][vc_column width=\u00bb1\/2&#8243;][g5plus_icon_box icon_type=\u00bbimage\u00bb icon_image=\u00bb5985&#8243; title=\u00bbDISTRIBUCI\u00d3N LOCAL\u00bb description=\u00bbrealizamos distribuci\u00f3n de mercader\u00eda dentro de montevideo como al resto del pa\u00eds.\u00bb has_line=\u00bbtrue\u00bb box_shadow_hover=\u00bbtrue\u00bb icon_align=\u00bbalign-top-left\u00bb css=\u00bb.vc_custom_1768961882008{margin-bottom: 40px !important;background-color: #FFFFFF !important;}\u00bb][\/vc_column][\/vc_row][vc_row][vc_column css_animation=\u00bbfadeIn\u00bb width=\u00bb1\/2&#8243;][g5plus_icon_box icon_type=\u00bbimage\u00bb icon_image=\u00bb5986&#8243; title=\u00bbIMPORTACIONES Y EXPORTACIONES\u00bb description=\u00bbTransportamos importaciones desde TCU LACC y Puerto de Montevideo al dep\u00f3sito de cada cliente o a su destino final. Realizamos tambi\u00e9n transporte de mercader\u00eda de exportaci\u00f3n tanto a Puerto de Montevideo como a TCU LACC.<\/p>\n<p>\u00bb has_line=\u00bbtrue\u00bb box_shadow_hover=\u00bbtrue\u00bb icon_align=\u00bbalign-top-left\u00bb css_animation=\u00bbfadeIn\u00bb css=\u00bb.vc_custom_1769612004216{margin-bottom: 40px !important;background-color: #FFFFFF !important;}\u00bb][\/vc_column][vc_column css_animation=\u00bbfadeIn\u00bb width=\u00bb1\/2&#8243;][g5plus_icon_box icon_type=\u00bbimage\u00bb icon_image=\u00bb6013&#8243; title=\u00bbTRANSPORTE REFRIGERADO CON RASTREO SATELITAL\u00bb description=\u00bbcontamos con veh\u00edculos acondicionados para mantener la cadena de fr\u00edo, estos equipos permiten tanto la refrigeraci\u00f3n como la calefacci\u00f3n de la mercader\u00eda si es necesario.Todos los veh\u00edculos cuentan con rastreo satelital y monitoreo de temperatura en tiempo real.\u00bb has_line=\u00bbtrue\u00bb box_shadow_hover=\u00bbtrue\u00bb icon_align=\u00bbalign-top-left\u00bb css=\u00bb.vc_custom_1768961851221{margin-bottom: 40px !important;background-color: #FFFFFF !important;}\u00bb][\/vc_column][\/vc_row][vc_row full_width=\u00bbstretch_row\u00bb css=\u00bb.vc_custom_1762987580264{background-position: center !important;background-repeat: no-repeat !important;background-size: cover !important;}\u00bb][vc_column][g5plus_space desktop=\u00bb95&#8243; tablet=\u00bb75&#8243; tablet_portrait=\u00bb65&#8243; mobile_landscape=\u00bb60&#8243; mobile=\u00bb50&#8243;][\/vc_column][\/vc_row][\/vc_section][vc_row full_width=\u00bbstretch_row\u00bb parallax=\u00bbcontent-moving\u00bb parallax_image=\u00bb5998&#8243; parallax_speed_bg=\u00bb2.0&#8243; overlay_mode=\u00bbcolor\u00bb overlay_color=\u00bb#00000091&#8243;][vc_column][g5plus_space desktop=\u00bb75&#8243; tablet=\u00bb65&#8243; tablet_portrait=\u00bb55&#8243; mobile_landscape=\u00bb50&#8243; mobile=\u00bb40&#8243;][g5plus_space desktop=\u00bb75&#8243; tablet=\u00bb65&#8243; tablet_portrait=\u00bb55&#8243; mobile_landscape=\u00bb50&#8243; mobile=\u00bb40&#8243;][vc_column_text css=\u00bb\u00bb el_class=\u00bbtext-center\u00bb]<\/p>\n<h2 style=\"text-align: center;\"><span style=\"color: #ffffff;\">Contamos con varios tipos de camiones<br \/>\npara optimizar el costo de cada envi\u00f3.<\/span><\/h2>\n<p>[\/vc_column_text][g5plus_space desktop=\u00bb95&#8243; tablet=\u00bb85&#8243; tablet_portrait=\u00bb75&#8243; mobile_landscape=\u00bb65&#8243; mobile=\u00bb50&#8243;][g5plus_space desktop=\u00bb95&#8243; tablet=\u00bb85&#8243; tablet_portrait=\u00bb75&#8243; mobile_landscape=\u00bb65&#8243; mobile=\u00bb50&#8243;][\/vc_column][\/vc_row][vc_row el_id=\u00bbclientes\u00bb][vc_column][g5plus_space desktop=\u00bb95&#8243; tablet=\u00bb85&#8243; tablet_portrait=\u00bb75&#8243; mobile_landscape=\u00bb65&#8243; mobile=\u00bb50&#8243;][g5plus_heading title_size=\u00bb36&#8243; theme_fonts=\u00bb\u00bb google_fonts=\u00bbfont_family:Abel%3Aregular|font_style:400%20regular%3A400%3Anormal\u00bb check_sub_title=\u00bb\u00bb underline=\u00bbtrue\u00bb align=\u00bbtext-center\u00bb title=\u00bbNUESTROS CLIENTES\u00bb css=\u00bb.vc_custom_1763008691618{margin-top: 40px !important;margin-bottom: 40px !important;}\u00bb][vc_raw_html css=\u00bb\u00bb]JTVCbG9nb2Nhcm91c2VsJTIwaWQlM0QlMjI1OTE5JTIyJTVE[\/vc_raw_html][g5plus_space desktop=\u00bb95&#8243; tablet=\u00bb85&#8243; tablet_portrait=\u00bb75&#8243; mobile_landscape=\u00bb65&#8243; mobile=\u00bb50&#8243;][\/vc_column][\/vc_row][vc_row full_width=\u00bbstretch_row\u00bb css=\u00bb.vc_custom_1763346638106{background-color: #094CD3 !important;background-position: center !important;background-repeat: no-repeat !important;background-size: cover !important;}\u00bb el_id=\u00bbcontacto\u00bb][vc_column][g5plus_space desktop=\u00bb95&#8243; tablet=\u00bb85&#8243; tablet_portrait=\u00bb75&#8243; mobile_landscape=\u00bb65&#8243; mobile=\u00bb50&#8243;][g5plus_heading title_size=\u00bb36&#8243; theme_fonts=\u00bb\u00bb google_fonts=\u00bbfont_family:Abel%3Aregular|font_style:400%20regular%3A400%3Anormal\u00bb check_sub_title=\u00bb\u00bb underline=\u00bbtrue\u00bb align=\u00bbtext-center\u00bb color=\u00bbhd-light\u00bb title=\u00bbCONTACTO\u00bb css=\u00bb.vc_custom_1763346020395{margin-top: 40px !important;margin-bottom: 40px !important;}\u00bb][g5plus_space desktop=\u00bb70&#8243; tablet=\u00bb60&#8243; tablet_portrait=\u00bb50&#8243; mobile_landscape=\u00bb50&#8243; mobile=\u00bb40&#8243;]\n<div class=\"wpcf7 no-js\" id=\"wpcf7-f1005-o1\" lang=\"en-US\" dir=\"ltr\" data-wpcf7-id=\"1005\">\n<div class=\"screen-reader-response\"><p role=\"status\" aria-live=\"polite\" aria-atomic=\"true\"><\/p> <ul><\/ul><\/div>\n<form action=\"\/waro\/wp-json\/wp\/v2\/pages\/2613#wpcf7-f1005-o1\" method=\"post\" class=\"wpcf7-form init\" aria-label=\"Contact form\" novalidate=\"novalidate\" data-status=\"init\">\n<fieldset class=\"hidden-fields-container\"><input type=\"hidden\" name=\"_wpcf7\" value=\"1005\" \/><input type=\"hidden\" name=\"_wpcf7_version\" value=\"6.1.3\" \/><input type=\"hidden\" name=\"_wpcf7_locale\" value=\"en_US\" \/><input type=\"hidden\" name=\"_wpcf7_unit_tag\" value=\"wpcf7-f1005-o1\" \/><input type=\"hidden\" name=\"_wpcf7_container_post\" value=\"0\" \/><input type=\"hidden\" name=\"_wpcf7_posted_data_hash\" value=\"\" \/>\n<\/fieldset>\n<div class=\"g5plus-contact-form column-2 color-light clearfix\">\n\t<div class=\"ct-left\">\n\t\t<div class=\"ct-name\">\n\t\t\t<p><span class=\"wpcf7-form-control-wrap\" data-name=\"your-name\"><input size=\"40\" maxlength=\"400\" class=\"wpcf7-form-control wpcf7-text wpcf7-validates-as-required\" aria-required=\"true\" aria-invalid=\"false\" placeholder=\"Nombre*\" value=\"\" type=\"text\" name=\"your-name\" \/><\/span>\n\t\t\t<\/p>\n\t\t<\/div>\n\t\t<div class=\"ct-email\">\n\t\t\t<p><span class=\"wpcf7-form-control-wrap\" data-name=\"your-email\"><input size=\"40\" maxlength=\"400\" class=\"wpcf7-form-control wpcf7-email wpcf7-text wpcf7-validates-as-email\" aria-invalid=\"false\" placeholder=\"E-mail\" value=\"\" type=\"email\" name=\"your-email\" \/><\/span>\n\t\t\t<\/p>\n\t\t<\/div>\n\t\t<div class=\"ct-phone\">\n\t\t\t<p><span class=\"wpcf7-form-control-wrap\" data-name=\"your-name\"><input size=\"40\" maxlength=\"400\" class=\"wpcf7-form-control wpcf7-text wpcf7-validates-as-required\" aria-required=\"true\" aria-invalid=\"false\" placeholder=\"Celular*\" value=\"\" type=\"text\" name=\"your-name\" \/><\/span>\n\t\t\t<\/p>\n\t\t<\/div>\n\t\t<div class=\"ct-subject\">\n\t\t\t<p><span class=\"wpcf7-form-control-wrap\" data-name=\"your-subject\"><input size=\"40\" maxlength=\"400\" class=\"wpcf7-form-control wpcf7-text\" aria-invalid=\"false\" placeholder=\"Asunto\" value=\"\" type=\"text\" name=\"your-subject\" \/><\/span>\n\t\t\t<\/p>\n\t\t<\/div>\n\t<\/div>\n\t<div class=\"ct-right\">\n\t\t<p><span class=\"wpcf7-form-control-wrap\" data-name=\"your-message\"><textarea cols=\"40\" rows=\"10\" maxlength=\"2000\" class=\"wpcf7-form-control wpcf7-textarea wpcf7-validates-as-required\" aria-required=\"true\" aria-invalid=\"false\" placeholder=\"Mensaje*\" name=\"your-message\"><\/textarea><\/span>\n\t\t<\/p>\n\t<\/div>\n\t<div class=\"btn-submit\">\n\t\t<p><input class=\"wpcf7-form-control wpcf7-submit has-spinner\" type=\"submit\" value=\"ENVIAR\" \/>\n\t\t<\/p>\n\t<\/div>\n<\/div><div class=\"wpcf7-response-output\" aria-hidden=\"true\"><\/div>\n<\/form>\n<\/div>\n[g5plus_space desktop=\u00bb150&#8243; tablet=\u00bb130&#8243; tablet_portrait=\u00bb110&#8243; mobile_landscape=\u00bb100&#8243; mobile=\u00bb90&#8243;][\/vc_column][\/vc_row]<\/p>\n<\/div>","protected":false},"excerpt":{"rendered":"<p>[vc_row][vc_column][\/vc_column][\/vc_row][vc_row content_placement=\u00bbmiddle\u00bb el_id=\u00bbnosotros\u00bb][vc_column css_animation=\u00bbzoomIn\u00bb width=\u00bb1\/2&#8243; css=\u00bb.vc_custom_1763009812871{background-position: center !important;background-repeat: no-repeat !important;background-size: cover !important;}\u00bb][g5plus_space desktop=\u00bb107&#8243; tablet=\u00bb80&#8243; tablet_portrait=\u00bb70&#8243; mobile_landscape=\u00bb60&#8243; mobile=\u00bb60&#8243;][vc_row_inner css=\u00bb.vc_custom_1763343782702{margin-left: 0px !important;padding-top: 225px !important;padding-bottom: 225px !important;background-image: url(https:\/\/elremate.uy\/waro\/wp-content\/uploads\/2025\/11\/img_02.jpg?id=5995) !important;background-position: center !important;background-repeat: no-repeat !important;background-size: cover !important;}\u00bb el_class=\u00bbmg-right-0 sm-mg-right-20&#8243;][vc_column_inner][\/vc_column_inner][\/vc_row_inner][g5plus_space desktop=\u00bb80&#8243; tablet=\u00bb70&#8243; tablet_portrait=\u00bb60&#8243; mobile_landscape=\u00bb50&#8243; mobile=\u00bb40&#8243;][vc_row_inner][vc_column_inner width=\u00bb2\/3&#8243;][g5plus_heading title_size=\u00bb42&#8243; theme_fonts=\u00bb\u00bb google_fonts=\u00bbfont_family:Abel%3Aregular|font_style:400%20regular%3A400%3Anormal\u00bb check_sub_title=\u00bb\u00bb underline=\u00bbtrue\u00bb title=\u00bbVISI\u00d3N\u00bb][\/vc_column_inner][\/vc_row_inner][vc_column_text css=\u00bb.vc_custom_1762918778269{margin-top: 30px !important;}\u00bb]Ser una empresa de punta en transporte [&hellip;]<\/p>\n","protected":false},"author":1,"featured_media":0,"parent":0,"menu_order":0,"comment_status":"closed","ping_status":"closed","template":"","meta":{"_joinchat":[],"footnotes":""},"class_list":["post-2613","page","type-page","status-publish","hentry"],"_links":{"self":[{"href":"https:\/\/elremate.uy\/waro\/wp-json\/wp\/v2\/pages\/2613","targetHints":{"allow":["GET"]}}],"collection":[{"href":"https:\/\/elremate.uy\/waro\/wp-json\/wp\/v2\/pages"}],"about":[{"href":"https:\/\/elremate.uy\/waro\/wp-json\/wp\/v2\/types\/page"}],"author":[{"embeddable":true,"href":"https:\/\/elremate.uy\/waro\/wp-json\/wp\/v2\/users\/1"}],"replies":[{"embeddable":true,"href":"https:\/\/elremate.uy\/waro\/wp-json\/wp\/v2\/comments?post=2613"}],"version-history":[{"count":56,"href":"https:\/\/elremate.uy\/waro\/wp-json\/wp\/v2\/pages\/2613\/revisions"}],"predecessor-version":[{"id":6048,"href":"https:\/\/elremate.uy\/waro\/wp-json\/wp\/v2\/pages\/2613\/revisions\/6048"}],"wp:attachment":[{"href":"https:\/\/elremate.uy\/waro\/wp-json\/wp\/v2\/media?parent=2613"}],"curies":[{"name":"wp","href":"https:\/\/api.w.org\/{rel}","templated":true}]}}